{"id":4162,"date":"2025-08-08T17:59:57","date_gmt":"2025-08-08T17:59:57","guid":{"rendered":"https:\/\/www.kadis.store\/?post_type=product&#038;p=4162"},"modified":"2025-12-01T10:32:49","modified_gmt":"2025-12-01T10:32:49","slug":"new-generate-a-complete-ebook-with-ai","status":"publish","type":"product","link":"https:\/\/www.kadis.store\/fr\/produit\/new-generate-a-complete-ebook-with-ai\/","title":{"rendered":"Nouveau G\u00e9n\u00e9rer un livre \u00e9lectronique complet avec l'IA"},"content":{"rendered":"<p>In this Masterclass, I&#8217;ll show you how to craft your own ebooks using AI technology, This makes writing and customizing easy, so your ebook reflects your unique style.<\/p>\n<p>Visuals are important to attract readers so we&#8217;ll also dive into creating AI images for your content as and allows you to export the final product<\/p>\n<p>By the end of this Masterclass, you&#8217;ll know how to make a professional ebook, ready to sell or share.<\/p>\n<p>Whether you want to earn money or share your interests, you&#8217;ll have the skills to succeed.<\/p>\n<p>What you get:<br \/>\n&#8211; Mastering the usage of AI platforms<br \/>\n&#8211; you will get extra 4 white-label video tutorials<br \/>\n&#8211; Intro to the AI Platform<br \/>\n&#8211; How to generate Ebook ideas<br \/>\n&#8211; The Smart AI Writer &amp; Editor<br \/>\n&#8211; Step-By-Step Generate your first Ebook<br \/>\n&#8211; 20 Most Trending Ebook ideas<br \/>\n&#8211; The Smart AI Writer &amp; Editor<\/p>\n<p>Benefits:<br \/>\n&#8211; You get 50% discount code on the AI platform.<br \/>\n&#8211; Unlock the 30% commission on AI affiliate program.<\/p>\n<p>Bonus:<br \/>\n100 AI \/ chatGPT power prompts which can be used with this masterclass perfectly.<\/p>\n<p>Master Resell Rights and Private Label Rights Terms and Conditions:<\/p>\n<p>Upon your purchase and in accordance with these Terms of Use, the Company grants you Private Label Rights and Master Resell Rights.<br \/>\nThese rights allow you to modify, claim authorship of, and resell the product, keeping 100% of the profits.<\/p>\n<p>Additionally, you are permitted to:<br \/>\nInclude this product in a membership site or package bundle.<br \/>\nCreate audio or video content based on this product.<br \/>\nAlter the sales page and\/or graphics.<br \/>\nBreak the product into separate sections.<br \/>\nAdd or remove content to customize the product.<\/p>\n<p>chatgpt prompts, ai prompts, chat gpt prompts, digital download, prompt guide, plr, midjourney prompts, digital products, ai art, master resell rights, plr digital products, plr planner, digital art, sell on etsy<\/p>\n<p>NOTE:<br \/>\nAs a digital product, no changes or refunds are allowed. Thank you for your understanding.<\/p>","protected":false},"excerpt":{"rendered":"<p>Cr\u00e9ez votre propre livre \u00e9lectronique professionnel en quelques minutes gr\u00e2ce \u00e0 la puissance de l'IA<\/p>","protected":false},"featured_media":4300,"comment_status":"open","ping_status":"closed","template":"","meta":{"_monsterinsights_skip_tracking":false,"_monsterinsights_sitenote_active":false,"_monsterinsights_sitenote_note":"","_monsterinsights_sitenote_category":0,"_uf_show_specific_survey":0,"_uf_disable_surveys":false},"product_brand":[],"product_cat":[15],"product_tag":[],"class_list":{"0":"post-4162","1":"product","2":"type-product","3":"status-publish","4":"has-post-thumbnail","6":"product_cat-all-products","8":"first","9":"instock","10":"sale","11":"downloadable","12":"virtual","13":"taxable","14":"purchasable","15":"product-type-simple"},"aioseo_notices":[],"jetpack_sharing_enabled":true,"_links":{"self":[{"href":"https:\/\/www.kadis.store\/fr\/wp-json\/wp\/v2\/product\/4162","targetHints":{"allow":["GET"]}}],"collection":[{"href":"https:\/\/www.kadis.store\/fr\/wp-json\/wp\/v2\/product"}],"about":[{"href":"https:\/\/www.kadis.store\/fr\/wp-json\/wp\/v2\/types\/product"}],"replies":[{"embeddable":true,"href":"https:\/\/www.kadis.store\/fr\/wp-json\/wp\/v2\/comments?post=4162"}],"wp:featuredmedia":[{"embeddable":true,"href":"https:\/\/www.kadis.store\/fr\/wp-json\/wp\/v2\/media\/4300"}],"wp:attachment":[{"href":"https:\/\/www.kadis.store\/fr\/wp-json\/wp\/v2\/media?parent=4162"}],"wp:term":[{"taxonomy":"product_brand","embeddable":true,"href":"https:\/\/www.kadis.store\/fr\/wp-json\/wp\/v2\/product_brand?post=4162"},{"taxonomy":"product_cat","embeddable":true,"href":"https:\/\/www.kadis.store\/fr\/wp-json\/wp\/v2\/product_cat?post=4162"},{"taxonomy":"product_tag","embeddable":true,"href":"https:\/\/www.kadis.store\/fr\/wp-json\/wp\/v2\/product_tag?post=4162"}],"curies":[{"name":"wp","href":"https:\/\/api.w.org\/{rel}","templated":true}]}}